{"id":46,"date":"2021-03-13T08:03:05","date_gmt":"2021-03-13T07:03:05","guid":{"rendered":"http:\/\/kangaz.com.pl\/?page_id=46"},"modified":"2023-03-22T08:16:32","modified_gmt":"2023-03-22T07:16:32","slug":"praca","status":"publish","type":"page","link":"https:\/\/kangaz.com.pl\/?page_id=46","title":{"rendered":"Praca"},"content":{"rendered":"\t\t<div data-elementor-type=\"wp-page\" data-elementor-id=\"46\" class=\"elementor elementor-46\">\n\t\t\t\t\t\t<section class=\"elementor-section elementor-top-section elementor-element elementor-element-c99b7fb elementor-section-height-min-height elementor-section-boxed elementor-section-height-default elementor-section-items-middle\" data-id=\"c99b7fb\" data-element_type=\"section\">\n\t\t\t\t\t\t\t<div class=\"elementor-background-overlay\"><\/div>\n\t\t\t\t\t\t\t<div class=\"elementor-container elementor-column-gap-default\">\n\t\t\t\t\t<div class=\"elementor-column elementor-col-50 elementor-top-column elementor-element elementor-element-ff1de90\" data-id=\"ff1de90\" data-element_type=\"column\">\n\t\t\t<div class=\"elementor-widget-wrap\">\n\t\t\t\t\t\t\t<\/div>\n\t\t<\/div>\n\t\t\t\t<div class=\"elementor-column elementor-col-50 elementor-top-column elementor-element elementor-element-f826b59\" data-id=\"f826b59\" data-element_type=\"column\">\n\t\t\t<div class=\"elementor-widget-wrap elementor-element-populated\">\n\t\t\t\t\t\t<div class=\"elementor-element elementor-element-aabccd5 elementor-widget elementor-widget-heading\" data-id=\"aabccd5\" data-element_type=\"widget\" data-widget_type=\"heading.default\">\n\t\t\t\t<div class=\"elementor-widget-container\">\n\t\t\t\t\t<h2 class=\"elementor-heading-title elementor-size-default\">Praca<\/h2>\t\t\t\t<\/div>\n\t\t\t\t<\/div>\n\t\t\t\t\t<\/div>\n\t\t<\/div>\n\t\t\t\t\t<\/div>\n\t\t<\/section>\n\t\t\t\t<section class=\"elementor-section elementor-top-section elementor-element elementor-element-81195ad elementor-section-height-min-height elementor-section-items-top elementor-section-boxed elementor-section-height-default\" data-id=\"81195ad\" data-element_type=\"section\">\n\t\t\t\t\t\t\t<div class=\"elementor-background-overlay\"><\/div>\n\t\t\t\t\t\t\t<div class=\"elementor-container elementor-column-gap-default\">\n\t\t\t\t\t<div class=\"elementor-column elementor-col-100 elementor-top-column elementor-element elementor-element-adef719\" data-id=\"adef719\" data-element_type=\"column\">\n\t\t\t<div class=\"elementor-widget-wrap elementor-element-populated\">\n\t\t\t\t\t\t<div class=\"elementor-element elementor-element-745dca4 elementor-widget elementor-widget-text-editor\" data-id=\"745dca4\" data-element_type=\"widget\" data-widget_type=\"text-editor.default\">\n\t\t\t\t<div class=\"elementor-widget-container\">\n\t\t\t\t\t\t\t\t\t<p>W chwili obecnej prowadzimy rekrutacj\u0119 na nast\u0119puj\u0105ce stanowiska:<\/p>\t\t\t\t\t\t\t\t<\/div>\n\t\t\t\t<\/div>\n\t\t\t\t<div class=\"elementor-element elementor-element-82ddf41 elementor-widget elementor-widget-text-editor\" data-id=\"82ddf41\" data-element_type=\"widget\" data-widget_type=\"text-editor.default\">\n\t\t\t\t<div class=\"elementor-widget-container\">\n\t\t\t\t\t\t\t\t\t<p><span style=\"text-decoration: underline; color: #333399;\"><strong>Brygadzista:<\/strong><\/span><\/p>\t\t\t\t\t\t\t\t<\/div>\n\t\t\t\t<\/div>\n\t\t\t\t<div class=\"elementor-element elementor-element-e7141c1 elementor-widget elementor-widget-text-editor\" data-id=\"e7141c1\" data-element_type=\"widget\" data-widget_type=\"text-editor.default\">\n\t\t\t\t<div class=\"elementor-widget-container\">\n\t\t\t\t\t\t\t\t\t<p>Wymagania:<\/p><p>&#8211; do\u015bwiadczenie przy budowie sieci wod-kan.<\/p><p>&#8211; wymagane prawo jazdy kat. B .<\/p><p>Oferujemy:<\/p><p>&#8211; zatrudnienie na pe\u0142en etat na podstawie umowy o prac\u0119.<\/p><p>W przypadku zainteresowani a prosimy o kontakt bezpo\u015bredni z osob\u0105 odpowiedzialn\u0105 za rekrutacj\u0119:<\/p><p>Pawe\u0142 Solarczyk<\/p><p>Tel. 607\u00a0316 117<\/p><p>e-mail: <a href=\"mailto:ps@kangaz.com.pl\">ps@kangaz.com.pl<\/a><\/p>\t\t\t\t\t\t\t\t<\/div>\n\t\t\t\t<\/div>\n\t\t\t\t<div class=\"elementor-element elementor-element-1ef0cb2 elementor-widget elementor-widget-text-editor\" data-id=\"1ef0cb2\" data-element_type=\"widget\" data-widget_type=\"text-editor.default\">\n\t\t\t\t<div class=\"elementor-widget-container\">\n\t\t\t\t\t\t\t\t\t<p><span style=\"text-decoration: underline; color: #333399;\"><strong>Operator koparki<\/strong><\/span><\/p>\t\t\t\t\t\t\t\t<\/div>\n\t\t\t\t<\/div>\n\t\t\t\t<div class=\"elementor-element elementor-element-dc6a520 elementor-widget elementor-widget-text-editor\" data-id=\"dc6a520\" data-element_type=\"widget\" data-widget_type=\"text-editor.default\">\n\t\t\t\t<div class=\"elementor-widget-container\">\n\t\t\t\t\t\t\t\t\t<p>Wymagania:<\/p><p>&#8211; uprawnienia do wykonywania zawodu operatora koparki jednonaczyniowej,<\/p><p>&#8211; mile widziane prawo jazdy kat. B+E .<\/p><p>Oferujemy:<\/p><p>&#8211; zatrudnienie na pe\u0142en etat na podstawie umowy o prac\u0119.<\/p><p>W przypadku zainteresowani a prosimy o kontakt bezpo\u015bredni z osob\u0105 odpowiedzialn\u0105 za rekrutacj\u0119:<\/p><p>Pawe\u0142 Solarczyk<\/p><p>Tel. 607\u00a0316 117<\/p><p>e-mail: <a href=\"mailto:ps@kangaz.com.pl\">ps@kangaz.com.pl<\/a><\/p>\t\t\t\t\t\t\t\t<\/div>\n\t\t\t\t<\/div>\n\t\t\t\t<div class=\"elementor-element elementor-element-236586d elementor-widget elementor-widget-text-editor\" data-id=\"236586d\" data-element_type=\"widget\" data-widget_type=\"text-editor.default\">\n\t\t\t\t<div class=\"elementor-widget-container\">\n\t\t\t\t\t\t\t\t\t<p><span style=\"text-decoration: underline; color: #333399;\"><strong>Monter Instalacji wod-kan i gaz<\/strong><\/span><\/p>\t\t\t\t\t\t\t\t<\/div>\n\t\t\t\t<\/div>\n\t\t\t\t<div class=\"elementor-element elementor-element-7793bce elementor-widget elementor-widget-text-editor\" data-id=\"7793bce\" data-element_type=\"widget\" data-widget_type=\"text-editor.default\">\n\t\t\t\t<div class=\"elementor-widget-container\">\n\t\t\t\t\t\t\t\t\t<p>Wymagania:<\/p><p>&#8211; wykszta\u0142cenie min. zawodowe,<\/p><p>&#8211; motywacja do pracy i zaanga\u017cowanie,<\/p><p>&#8211; mile widziane prawo jazdy kat. B<\/p><p>Oferujemy:<\/p><p>&#8211; zatrudnienie na pe\u0142en etat na podstawie umowy o prac\u0119.<\/p><p>W przypadku zainteresowani a prosimy o kontakt bezpo\u015bredni z osob\u0105 odpowiedzialn\u0105 za rekrutacj\u0119:<\/p><p>Pawe\u0142 Solarczyk<\/p><p>Tel. 607\u00a0316 117<\/p><p>e-mail: <a href=\"mailto:ps@kangaz.com.pl\">ps@kangaz.com.pl<\/a><\/p><hr \/>\t\t\t\t\t\t\t\t<\/div>\n\t\t\t\t<\/div>\n\t\t\t\t\t<\/div>\n\t\t<\/div>\n\t\t\t\t\t<\/div>\n\t\t<\/section>\n\t\t\t\t<\/div>\n\t\t","protected":false},"excerpt":{"rendered":"<p>Praca W chwili obecnej prowadzimy rekrutacj\u0119 na nast\u0119puj\u0105ce stanowiska: Brygadzista: Wymagania: &#8211; do\u015bwiadczenie przy budowie sieci wod-kan. &#8211; wymagane prawo jazdy kat. B . Oferujemy: &#8211; zatrudnienie na pe\u0142en etat na podstawie umowy o prac\u0119. W przypadku zainteresowani a prosimy o kontakt bezpo\u015bredni z osob\u0105 odpowiedzialn\u0105 za rekrutacj\u0119: Pawe\u0142 Solarczyk Tel. 607\u00a0316 117 e-mail: ps@kangaz.com.pl [&hellip;]<\/p>\n","protected":false},"author":1,"featured_media":0,"parent":0,"menu_order":3,"comment_status":"closed","ping_status":"closed","template":"elementor_header_footer","meta":{"site-sidebar-layout":"no-sidebar","site-content-layout":"page-builder","ast-site-content-layout":"","site-content-style":"default","site-sidebar-style":"default","ast-global-header-display":"","ast-banner-title-visibility":"","ast-main-header-display":"","ast-hfb-above-header-display":"","ast-hfb-below-header-display":"","ast-hfb-mobile-header-display":"","site-post-title":"disabled","ast-breadcrumbs-content":"","ast-featured-img":"disabled","footer-sml-layout":"","theme-transparent-header-meta":"default","adv-header-id-meta":"","stick-header-meta":"","header-above-stick-meta":"","header-main-stick-meta":"","header-below-stick-meta":"","astra-migrate-meta-layouts":"default","ast-page-background-enabled":"default","ast-page-background-meta":{"desktop":{"background-color":"var(--ast-global-color-4)","background-image":"","background-repeat":"repeat","background-position":"center center","background-size":"auto","background-attachment":"scroll","background-type":"","background-media":"","overlay-type":"","overlay-color":"","overlay-opacity":"","overlay-gradient":""},"tablet":{"background-color":"","background-image":"","background-repeat":"repeat","background-position":"center center","background-size":"auto","background-attachment":"scroll","background-type":"","background-media":"","overlay-type":"","overlay-color":"","overlay-opacity":"","overlay-gradient":""},"mobile":{"background-color":"","background-image":"","background-repeat":"repeat","background-position":"center center","background-size":"auto","background-attachment":"scroll","background-type":"","background-media":"","overlay-type":"","overlay-color":"","overlay-opacity":"","overlay-gradient":""}},"ast-content-background-meta":{"desktop":{"background-color":"var(--ast-global-color-5)","background-image":"","background-repeat":"repeat","background-position":"center center","background-size":"auto","background-attachment":"scroll","background-type":"","background-media":"","overlay-type":"","overlay-color":"","overlay-opacity":"","overlay-gradient":""},"tablet":{"background-color":"var(--ast-global-color-5)","background-image":"","background-repeat":"repeat","background-position":"center center","background-size":"auto","background-attachment":"scroll","background-type":"","background-media":"","overlay-type":"","overlay-color":"","overlay-opacity":"","overlay-gradient":""},"mobile":{"background-color":"var(--ast-global-color-5)","background-image":"","background-repeat":"repeat","background-position":"center center","background-size":"auto","background-attachment":"scroll","background-type":"","background-media":"","overlay-type":"","overlay-color":"","overlay-opacity":"","overlay-gradient":""}},"footnotes":""},"class_list":["post-46","page","type-page","status-publish","hentry"],"_links":{"self":[{"href":"https:\/\/kangaz.com.pl\/index.php?rest_route=\/wp\/v2\/pages\/46","targetHints":{"allow":["GET"]}}],"collection":[{"href":"https:\/\/kangaz.com.pl\/index.php?rest_route=\/wp\/v2\/pages"}],"about":[{"href":"https:\/\/kangaz.com.pl\/index.php?rest_route=\/wp\/v2\/types\/page"}],"author":[{"embeddable":true,"href":"https:\/\/kangaz.com.pl\/index.php?rest_route=\/wp\/v2\/users\/1"}],"replies":[{"embeddable":true,"href":"https:\/\/kangaz.com.pl\/index.php?rest_route=%2Fwp%2Fv2%2Fcomments&post=46"}],"version-history":[{"count":152,"href":"https:\/\/kangaz.com.pl\/index.php?rest_route=\/wp\/v2\/pages\/46\/revisions"}],"predecessor-version":[{"id":2131,"href":"https:\/\/kangaz.com.pl\/index.php?rest_route=\/wp\/v2\/pages\/46\/revisions\/2131"}],"wp:attachment":[{"href":"https:\/\/kangaz.com.pl\/index.php?rest_route=%2Fwp%2Fv2%2Fmedia&parent=46"}],"curies":[{"name":"wp","href":"https:\/\/api.w.org\/{rel}","templated":true}]}}