{"id":1852,"date":"2021-04-06T19:05:22","date_gmt":"2021-04-06T17:05:22","guid":{"rendered":"https:\/\/kangaz.com.pl\/?page_id=1852"},"modified":"2022-08-16T10:31:23","modified_gmt":"2022-08-16T08:31:23","slug":"biuro-projektowe","status":"publish","type":"page","link":"https:\/\/kangaz.com.pl\/?page_id=1852","title":{"rendered":"Biuro projektowe"},"content":{"rendered":"\t\t<div data-elementor-type=\"wp-page\" data-elementor-id=\"1852\" class=\"elementor elementor-1852\">\n\t\t\t\t\t\t<section class=\"elementor-section elementor-top-section elementor-element elementor-element-a3ffce2 elementor-section-height-min-height elementor-section-boxed elementor-section-height-default elementor-section-items-middle\" data-id=\"a3ffce2\" data-element_type=\"section\">\n\t\t\t\t\t\t\t<div class=\"elementor-background-overlay\"><\/div>\n\t\t\t\t\t\t\t<div class=\"elementor-container elementor-column-gap-default\">\n\t\t\t\t\t<div class=\"elementor-column elementor-col-50 elementor-top-column elementor-element elementor-element-6cd1d27\" data-id=\"6cd1d27\" data-element_type=\"column\">\n\t\t\t<div class=\"elementor-widget-wrap\">\n\t\t\t\t\t\t\t<\/div>\n\t\t<\/div>\n\t\t\t\t<div class=\"elementor-column elementor-col-50 elementor-top-column elementor-element elementor-element-8339189\" data-id=\"8339189\" data-element_type=\"column\">\n\t\t\t<div class=\"elementor-widget-wrap elementor-element-populated\">\n\t\t\t\t\t\t<div class=\"elementor-element elementor-element-568ea37 elementor-widget elementor-widget-heading\" data-id=\"568ea37\" data-element_type=\"widget\" data-widget_type=\"heading.default\">\n\t\t\t\t<div class=\"elementor-widget-container\">\n\t\t\t\t\t<h2 class=\"elementor-heading-title elementor-size-default\">Biuro Projektowe<\/h2>\t\t\t\t<\/div>\n\t\t\t\t<\/div>\n\t\t\t\t\t<\/div>\n\t\t<\/div>\n\t\t\t\t\t<\/div>\n\t\t<\/section>\n\t\t\t\t<section class=\"elementor-section elementor-top-section elementor-element elementor-element-1b3d4ed elementor-section-height-min-height elementor-section-boxed elementor-section-height-default elementor-section-items-middle\" data-id=\"1b3d4ed\" data-element_type=\"section\">\n\t\t\t\t\t\t<div class=\"elementor-container elementor-column-gap-wide\">\n\t\t\t\t\t<div class=\"elementor-column elementor-col-100 elementor-top-column elementor-element elementor-element-276f0f2\" data-id=\"276f0f2\" data-element_type=\"column\">\n\t\t\t<div class=\"elementor-widget-wrap elementor-element-populated\">\n\t\t\t\t\t\t<div class=\"elementor-element elementor-element-88bbe3b elementor-widget elementor-widget-text-editor\" data-id=\"88bbe3b\" data-element_type=\"widget\" data-widget_type=\"text-editor.default\">\n\t\t\t\t<div class=\"elementor-widget-container\">\n\t\t\t\t\t\t\t\t\t<p>W 2021 roku wychodz\u0105c naprzeciw realiom panuj\u0105cym w bran\u017cy instalacyjnej postanowili\u015bmy stworzy\u0107 w\u0142asne biuro projektowe zajmuj\u0105ce si\u0119 sektorem gazowniczym w zakresie opracowania dokumentacji\u00a0 projektowej na budow\u0119 sieci gazowych wraz z przy\u0142\u0105czami. Dzi\u0119ki temu jeste\u015bmy na ka\u017cdym etapie inwestycji sprawowa\u0107 nad ni\u0105 w\u0142a\u015bciw\u0105 kontrol\u0119, skr\u00f3ci\u0107 czas realizacji powierzonego zadania, przy jednoczesnym\u00a0 zachowaniu wysokiej jako\u015bci oferowanych us\u0142ug. Przy tworzeniu biura wyszli\u015bmy \u00a0z za\u0142o\u017cenia, \u017ce kompleksowe wykonanie inwestycji od projektu przez budow\u0119, a\u017c po odbi\u00f3r to gwarancja rzetelnie, terminowo i uczciwie wykonanych prac.<\/p><p>Jednocze\u015bnie realizuj\u0105c szereg zada\u0144 inwestycyjnych na rzecz Polskiej Sp\u00f3\u0142ki Gazownictwa, a tak\u017ce innych podmiot\u00f3w pozostajemy wci\u0105\u017c otwarci na wsp\u00f3\u0142prac\u0119 z innymi pracowniami projektowymi.<\/p>\t\t\t\t\t\t\t\t<\/div>\n\t\t\t\t<\/div>\n\t\t\t\t\t<\/div>\n\t\t<\/div>\n\t\t\t\t\t<\/div>\n\t\t<\/section>\n\t\t\t\t<section class=\"elementor-section elementor-top-section elementor-element elementor-element-fe2448b elementor-section-height-min-height elementor-section-content-top elementor-section-items-top elementor-section-boxed elementor-section-height-default\" data-id=\"fe2448b\" data-element_type=\"section\">\n\t\t\t\t\t\t\t<div class=\"elementor-background-overlay\"><\/div>\n\t\t\t\t\t\t\t<div class=\"elementor-container elementor-column-gap-default\">\n\t\t\t\t\t<div class=\"elementor-column elementor-col-100 elementor-top-column elementor-element elementor-element-4d2a0c4\" data-id=\"4d2a0c4\" data-element_type=\"column\">\n\t\t\t<div class=\"elementor-widget-wrap elementor-element-populated\">\n\t\t\t\t\t\t<div class=\"elementor-element elementor-element-f0a4cc9 elementor-widget elementor-widget-text-editor\" data-id=\"f0a4cc9\" data-element_type=\"widget\" data-widget_type=\"text-editor.default\">\n\t\t\t\t<div class=\"elementor-widget-container\">\n\t\t\t\t\t\t\t\t\t<p><strong>Koordynator<\/strong><\/p><p>Krzysztof Sadowski<\/p><p>Tel. 536-102-953<\/p><p>e-mail: <a href=\"mailto:ks@kangaz.com.pl\">ks@kangaz.com.pl<\/a><\/p>\t\t\t\t\t\t\t\t<\/div>\n\t\t\t\t<\/div>\n\t\t\t\t\t<\/div>\n\t\t<\/div>\n\t\t\t\t\t<\/div>\n\t\t<\/section>\n\t\t\t\t<\/div>\n\t\t","protected":false},"excerpt":{"rendered":"<p>Biuro Projektowe W 2021 roku wychodz\u0105c naprzeciw realiom panuj\u0105cym w bran\u017cy instalacyjnej postanowili\u015bmy stworzy\u0107 w\u0142asne biuro projektowe zajmuj\u0105ce si\u0119 sektorem gazowniczym w zakresie opracowania dokumentacji\u00a0 projektowej na budow\u0119 sieci gazowych wraz z przy\u0142\u0105czami. Dzi\u0119ki temu jeste\u015bmy na ka\u017cdym etapie inwestycji sprawowa\u0107 nad ni\u0105 w\u0142a\u015bciw\u0105 kontrol\u0119, skr\u00f3ci\u0107 czas realizacji powierzonego zadania, przy jednoczesnym\u00a0 zachowaniu wysokiej jako\u015bci [&hellip;]<\/p>\n","protected":false},"author":1,"featured_media":0,"parent":0,"menu_order":1,"comment_status":"closed","ping_status":"closed","template":"elementor_header_footer","meta":{"site-sidebar-layout":"no-sidebar","site-content-layout":"page-builder","ast-site-content-layout":"","site-content-style":"default","site-sidebar-style":"default","ast-global-header-display":"","ast-banner-title-visibility":"","ast-main-header-display":"","ast-hfb-above-header-display":"","ast-hfb-below-header-display":"","ast-hfb-mobile-header-display":"","site-post-title":"disabled","ast-breadcrumbs-content":"","ast-featured-img":"disabled","footer-sml-layout":"","theme-transparent-header-meta":"default","adv-header-id-meta":"","stick-header-meta":"","header-above-stick-meta":"","header-main-stick-meta":"","header-below-stick-meta":"","astra-migrate-meta-layouts":"default","ast-page-background-enabled":"default","ast-page-background-meta":{"desktop":{"background-color":"var(--ast-global-color-4)","background-image":"","background-repeat":"repeat","background-position":"center center","background-size":"auto","background-attachment":"scroll","background-type":"","background-media":"","overlay-type":"","overlay-color":"","overlay-opacity":"","overlay-gradient":""},"tablet":{"background-color":"","background-image":"","background-repeat":"repeat","background-position":"center center","background-size":"auto","background-attachment":"scroll","background-type":"","background-media":"","overlay-type":"","overlay-color":"","overlay-opacity":"","overlay-gradient":""},"mobile":{"background-color":"","background-image":"","background-repeat":"repeat","background-position":"center center","background-size":"auto","background-attachment":"scroll","background-type":"","background-media":"","overlay-type":"","overlay-color":"","overlay-opacity":"","overlay-gradient":""}},"ast-content-background-meta":{"desktop":{"background-color":"var(--ast-global-color-5)","background-image":"","background-repeat":"repeat","background-position":"center center","background-size":"auto","background-attachment":"scroll","background-type":"","background-media":"","overlay-type":"","overlay-color":"","overlay-opacity":"","overlay-gradient":""},"tablet":{"background-color":"var(--ast-global-color-5)","background-image":"","background-repeat":"repeat","background-position":"center center","background-size":"auto","background-attachment":"scroll","background-type":"","background-media":"","overlay-type":"","overlay-color":"","overlay-opacity":"","overlay-gradient":""},"mobile":{"background-color":"var(--ast-global-color-5)","background-image":"","background-repeat":"repeat","background-position":"center center","background-size":"auto","background-attachment":"scroll","background-type":"","background-media":"","overlay-type":"","overlay-color":"","overlay-opacity":"","overlay-gradient":""}},"footnotes":""},"class_list":["post-1852","page","type-page","status-publish","hentry"],"_links":{"self":[{"href":"https:\/\/kangaz.com.pl\/index.php?rest_route=\/wp\/v2\/pages\/1852","targetHints":{"allow":["GET"]}}],"collection":[{"href":"https:\/\/kangaz.com.pl\/index.php?rest_route=\/wp\/v2\/pages"}],"about":[{"href":"https:\/\/kangaz.com.pl\/index.php?rest_route=\/wp\/v2\/types\/page"}],"author":[{"embeddable":true,"href":"https:\/\/kangaz.com.pl\/index.php?rest_route=\/wp\/v2\/users\/1"}],"replies":[{"embeddable":true,"href":"https:\/\/kangaz.com.pl\/index.php?rest_route=%2Fwp%2Fv2%2Fcomments&post=1852"}],"version-history":[{"count":84,"href":"https:\/\/kangaz.com.pl\/index.php?rest_route=\/wp\/v2\/pages\/1852\/revisions"}],"predecessor-version":[{"id":2097,"href":"https:\/\/kangaz.com.pl\/index.php?rest_route=\/wp\/v2\/pages\/1852\/revisions\/2097"}],"wp:attachment":[{"href":"https:\/\/kangaz.com.pl\/index.php?rest_route=%2Fwp%2Fv2%2Fmedia&parent=1852"}],"curies":[{"name":"wp","href":"https:\/\/api.w.org\/{rel}","templated":true}]}}